{"id":3419,"date":"2018-09-10T19:34:13","date_gmt":"2018-09-10T17:34:13","guid":{"rendered":"https:\/\/www.stagionidelconero.it\/informativa-cookies\/"},"modified":"2018-09-10T19:37:54","modified_gmt":"2018-09-10T17:37:54","slug":"informativa-cookies","status":"publish","type":"page","link":"https:\/\/www.stagionidelconero.it\/en\/informativa-cookies\/","title":{"rendered":"Informativa cookies"},"content":{"rendered":"<div class=\"wpb-content-wrapper\"><p>[vc_row rt_row_background_width=&#8221;default&#8221; rt_row_style=&#8221;default-style&#8221; rt_row_borders=&#8221;&#8221; rt_row_paddings=&#8221;true&#8221; rt_bg_effect=&#8221;classic&#8221; rt_bg_image_repeat=&#8221;repeat&#8221; rt_bg_size=&#8221;cover&#8221; rt_bg_position=&#8221;right top&#8221; rt_bg_attachment=&#8221;scroll&#8221; rt_bg_video_format=&#8221;self-hosted&#8221;][vc_column rt_wrp_col_paddings=&#8221;false&#8221; rt_border_top=&#8221;&#8221; rt_border_bottom=&#8221;&#8221; rt_border_left=&#8221;&#8221; rt_border_right=&#8221;&#8221; rt_border_top_mobile=&#8221;&#8221; rt_border_bottom_mobile=&#8221;&#8221; rt_border_left_mobile=&#8221;&#8221; rt_border_right_mobile=&#8221;&#8221; rt_bg_image_repeat=&#8221;repeat&#8221; rt_bg_size=&#8221;auto auto&#8221; rt_bg_position=&#8221;right top&#8221; rt_bg_attachment=&#8221;scroll&#8221;][vc_column_text]La presente cookie policy ha lo scopo specifico di illustrare i tipi, le modalit\u00e0 di utilizzo nonch\u00e9 di fornire indicazioni circa le azioni per rifiutare o eliminare i cookie presenti sul sito web, se lo si desidera.<\/p>\n<p>Che cosa sono i cookie?<\/p>\n<p>Un cookie \u00e8 un piccolo file di lettere e numeri che pu\u00f2 essere memorizzato sul tuo browser o sul disco fisso del tuo computer quando visiti il nostro sito web. I cookie contengono informazioni sulle tue visite al suddetto sito web.<\/p>\n<h3>Cookie di terze parti<\/h3>\n<p>Visitando un sito web si possono ricevere cookie sia dal sito visitato (prima parte), sia da siti gestiti da altre organizzazioni (terze parti). Esempi notevoli sono la presenza di \u201cembed\u201d video o \u201csocial plugin\u201d da servizi di social network. Si tratta di parti della pagina visitata generate direttamente dai suddetti siti ed integrati nella pagina del sito ospitante. L\u2019utilizzo pi\u00f9 comune \u00e8 finalizzato alla condivisione dei contenuti sui social network.<\/p>\n<p>La presenza di questi plugin comporta la trasmissione di cookie da e verso tutti i siti gestiti da terze parti. La gestione delle informazioni raccolte da terze parti \u00e8 disciplinata dalle relative informative cui si prega di fare riferimento. Per garantire una maggiore trasparenza e comodit\u00e0, si riportano qui di seguito gli indirizzi web delle diverse informative e delle modalit\u00e0 per la gestione dei cookie.<\/p>\n<p>Facebook informativa: <a href=\"https:\/\/www.facebook.com\/help\/cookies\/\">https:\/\/www.facebook.com\/help\/cookies\/<br \/>\n<\/a>Facebook (configurazione): accedere al proprio account. Sezione privacy.<\/p>\n<p>Twitter informative: <a href=\"https:\/\/support.twitter.com\/articles\/20170514\">https:\/\/support.twitter.com\/articles\/20170514<br \/>\n<\/a>Twitter (configurazione): <a href=\"https:\/\/twitter.com\/settings\/security\">https:\/\/twitter.com\/settings\/security<\/a><\/p>\n<p>Google+ informativa: <a href=\"http:\/\/www.google.it\/intl\/it\/policies\/technologies\/cookies\/\">http:\/\/www.google.it\/intl\/it\/policies\/technologies\/cookies\/<br \/>\n<\/a>Google+ (configurazione): <a href=\"http:\/\/www.google.it\/intl\/it\/policies\/technologies\/managing\/\">http:\/\/www.google.it\/intl\/it\/policies\/technologies\/managing\/<\/a><\/p>\n<p>Includiamo anche taluni componenti da Google Analytics, un servizio di analisi del traffico web fornito da Google. Anche in questo caso si tratta di cookie di terze parti raccolti e gestiti in modo anonimo per monitorare e migliorare le prestazioni del sito ospite (performance cookie).<\/p>\n<p>Google Analytics pu\u00f2 raccogliere e analizzare in forma anonima le informazioni sui comportamenti di utilizzo. Tali informazioni vengono raccolte da Google Analytics, che le elabora allo scopo di redigere report sui siti web stessi. Questo sito non utilizza (e non consente a terzi di utilizzare) lo strumento di analisi di Google per monitorare o per raccogliere informazioni personali di identificazione. Google non associa l\u2019indirizzo IP a nessun altro dato posseduto da Google n\u00e9 cerca di collegare un indirizzo IP con l\u2019identit\u00e0 di un utente. Google pu\u00f2 anche comunicare queste informazioni a terzi ove ci\u00f2 sia imposto dalla legge o laddove tali terzi trattino le suddette informazioni per conto di Google.<\/p>\n<p>Per ulteriori informazioni, si rinvia al link di seguito indicato:<br \/>\n<a href=\"https:\/\/www.google.it\/policies\/privacy\/partners\/\">https:\/\/www.google.it\/policies\/privacy\/partners\/<\/a><\/p>\n<p>L\u2019utente pu\u00f2 disabilitare in modo selettivo l\u2019azione di Google Analytics installando sul proprio <em>browser<\/em> la componente di <em>opt-out<\/em> fornito da Google. Per disabilitare l\u2019azione di Google Analytics, si rinvia al link di seguito indicato:<br \/>\n<a href=\"https:\/\/tools.google.com\/dlpage\/gaoptout\">https:\/\/tools.google.com\/dlpage\/gaoptout<\/a><\/p>\n<p>Se hai domande o commenti concernenti la presente politica sui cookie, contattaci all\u2019indirizzo: <a href=\"mailto:info@stagionidelconero.it\">info@stagionidelconero.it<\/a><\/p>\n<h3>Come modificare le impostazioni sui cookie<\/h3>\n<p>La maggior parte dei browser permette di cancellare i cookie dal disco fisso del computer, di bloccare l\u2019accettazione dei cookie o di ricevere un avviso prima che un cookie venga memorizzato.<\/p>\n<p>Come modificare le impostazioni per:<\/p>\n<ul>\n<li><a title=\"Google Chrome\" href=\"http:\/\/support.google.com\/chrome\/answer\/95647?hl=it\">Google Chrome<\/a><\/li>\n<li><a title=\"Firefox\" href=\"https:\/\/support.mozilla.org\/it\/kb\/Attivare%20e%20disattivare%20i%20cookie\">Mozilla Firefox<\/a><\/li>\n<li><a title=\"Internet Explorer\" href=\"http:\/\/support.microsoft.com\/kb\/196955\">Internet Explorer<\/a><\/li>\n<li><a title=\"safari\" href=\"http:\/\/support.apple.com\/kb\/PH5042\">Safari<\/a><\/li>\n<\/ul>\n<h3>Garante della Privacy sui Cookie:<\/h3>\n<p><a href=\"http:\/\/www.garanteprivacy.it\/web\/guest\/home\/docweb\/-\/docweb-display\/docweb\/3118884\">Informativa e consenso per l\u2019uso dei cookie<br \/>\n<\/a><a href=\"http:\/\/www.garanteprivacy.it\/web\/guest\/home\/docweb\/-\/docweb-display\/docweb\/2142939\">Faq in materia di cookie<\/a>[\/vc_column_text][\/vc_column][\/vc_row]<\/p>\n<\/div>","protected":false},"excerpt":{"rendered":"<p>[vc_row rt_row_background_width=&#8221;default&#8221; rt_row_style=&#8221;default-style&#8221; rt_row_borders=&#8221;&#8221; rt_row_paddings=&#8221;true&#8221; rt_bg_effect=&#8221;classic&#8221; rt_bg_image_repeat=&#8221;repeat&#8221; rt_bg_size=&#8221;cover&#8221; rt_bg_position=&#8221;right top&#8221; rt_bg_attachment=&#8221;scroll&#8221; rt_bg_video_format=&#8221;self-hosted&#8221;][vc_column rt_wrp_col_paddings=&#8221;false&#8221; rt_border_top=&#8221;&#8221; rt_border_bottom=&#8221;&#8221; rt_border_left=&#8221;&#8221; rt_border_right=&#8221;&#8221; rt_border_top_mobile=&#8221;&#8221; rt_border_bottom_mobile=&#8221;&#8221; rt_border_left_mobile=&#8221;&#8221; rt_border_right_mobile=&#8221;&#8221; rt_bg_image_repeat=&#8221;repeat&#8221; rt_bg_size=&#8221;auto auto&#8221; rt_bg_position=&#8221;right top&#8221; rt_bg_attachment=&#8221;scroll&#8221;][vc_column_text]La presente cookie policy ha lo scopo specifico di illustrare i tipi, le modalit\u00e0 di utilizzo nonch\u00e9 di fornire indicazioni circa le azioni per rifiutare o eliminare i cookie [&hellip;]<\/p>\n","protected":false},"author":2,"featured_media":0,"parent":0,"menu_order":0,"comment_status":"closed","ping_status":"closed","template":"","meta":{"_exactmetrics_skip_tracking":false,"_exactmetrics_sitenote_active":false,"_exactmetrics_sitenote_note":"","_exactmetrics_sitenote_category":0,"footnotes":""},"class_list":["post-3419","page","type-page","status-publish","hentry"],"yoast_head":"<!-- This site is optimized with the Yoast SEO plugin v27.1.1 - https:\/\/yoast.com\/product\/yoast-seo-wordpress\/ -->\n<title>Informativa cookies - Stagioni del Conero<\/title>\n<meta name=\"robots\" content=\"index, follow, max-snippet:-1, max-image-preview:large, max-video-preview:-1\" \/>\n<link rel=\"canonical\" href=\"https:\/\/www.stagionidelconero.it\/en\/informativa-cookies\/\" \/>\n<meta property=\"og:locale\" content=\"en_US\" \/>\n<meta property=\"og:type\" content=\"article\" \/>\n<meta property=\"og:title\" content=\"Informativa cookies - Stagioni del Conero\" \/>\n<meta property=\"og:description\" content=\"[vc_row rt_row_background_width=&#8221;default&#8221; rt_row_style=&#8221;default-style&#8221; rt_row_borders=&#8221;&#8221; rt_row_paddings=&#8221;true&#8221; rt_bg_effect=&#8221;classic&#8221; rt_bg_image_repeat=&#8221;repeat&#8221; rt_bg_size=&#8221;cover&#8221; rt_bg_position=&#8221;right top&#8221; rt_bg_attachment=&#8221;scroll&#8221; rt_bg_video_format=&#8221;self-hosted&#8221;][vc_column rt_wrp_col_paddings=&#8221;false&#8221; rt_border_top=&#8221;&#8221; rt_border_bottom=&#8221;&#8221; rt_border_left=&#8221;&#8221; rt_border_right=&#8221;&#8221; rt_border_top_mobile=&#8221;&#8221; rt_border_bottom_mobile=&#8221;&#8221; rt_border_left_mobile=&#8221;&#8221; rt_border_right_mobile=&#8221;&#8221; rt_bg_image_repeat=&#8221;repeat&#8221; rt_bg_size=&#8221;auto auto&#8221; rt_bg_position=&#8221;right top&#8221; rt_bg_attachment=&#8221;scroll&#8221;][vc_column_text]La presente cookie policy ha lo scopo specifico di illustrare i tipi, le modalit\u00e0 di utilizzo nonch\u00e9 di fornire indicazioni circa le azioni per rifiutare o eliminare i cookie [&hellip;]\" \/>\n<meta property=\"og:url\" content=\"https:\/\/www.stagionidelconero.it\/en\/informativa-cookies\/\" \/>\n<meta property=\"og:site_name\" content=\"Stagioni del Conero\" \/>\n<meta property=\"article:modified_time\" content=\"2018-09-10T17:37:54+00:00\" \/>\n<meta name=\"twitter:card\" content=\"summary_large_image\" \/>\n<meta name=\"twitter:label1\" content=\"Est. reading time\" \/>\n\t<meta name=\"twitter:data1\" content=\"3 minutes\" \/>\n<script type=\"application\/ld+json\" class=\"yoast-schema-graph\">{\"@context\":\"https:\/\/schema.org\",\"@graph\":[{\"@type\":\"WebPage\",\"@id\":\"https:\/\/www.stagionidelconero.it\/en\/informativa-cookies\/\",\"url\":\"https:\/\/www.stagionidelconero.it\/en\/informativa-cookies\/\",\"name\":\"Informativa cookies - Stagioni del Conero\",\"isPartOf\":{\"@id\":\"https:\/\/www.stagionidelconero.it\/#website\"},\"datePublished\":\"2018-09-10T17:34:13+00:00\",\"dateModified\":\"2018-09-10T17:37:54+00:00\",\"breadcrumb\":{\"@id\":\"https:\/\/www.stagionidelconero.it\/en\/informativa-cookies\/#breadcrumb\"},\"inLanguage\":\"en-US\",\"potentialAction\":[{\"@type\":\"ReadAction\",\"target\":[\"https:\/\/www.stagionidelconero.it\/en\/informativa-cookies\/\"]}]},{\"@type\":\"BreadcrumbList\",\"@id\":\"https:\/\/www.stagionidelconero.it\/en\/informativa-cookies\/#breadcrumb\",\"itemListElement\":[{\"@type\":\"ListItem\",\"position\":1,\"name\":\"Home\",\"item\":\"https:\/\/www.stagionidelconero.it\/en\/\"},{\"@type\":\"ListItem\",\"position\":2,\"name\":\"Informativa cookies\"}]},{\"@type\":\"WebSite\",\"@id\":\"https:\/\/www.stagionidelconero.it\/#website\",\"url\":\"https:\/\/www.stagionidelconero.it\/\",\"name\":\"Stagioni del Conero\",\"description\":\"Appartamenti affitto Numana\",\"potentialAction\":[{\"@type\":\"SearchAction\",\"target\":{\"@type\":\"EntryPoint\",\"urlTemplate\":\"https:\/\/www.stagionidelconero.it\/?s={search_term_string}\"},\"query-input\":{\"@type\":\"PropertyValueSpecification\",\"valueRequired\":true,\"valueName\":\"search_term_string\"}}],\"inLanguage\":\"en-US\"}]}<\/script>\n<!-- \/ Yoast SEO plugin. -->","yoast_head_json":{"title":"Informativa cookies - Stagioni del Conero","robots":{"index":"index","follow":"follow","max-snippet":"max-snippet:-1","max-image-preview":"max-image-preview:large","max-video-preview":"max-video-preview:-1"},"canonical":"https:\/\/www.stagionidelconero.it\/en\/informativa-cookies\/","og_locale":"en_US","og_type":"article","og_title":"Informativa cookies - Stagioni del Conero","og_description":"[vc_row rt_row_background_width=&#8221;default&#8221; rt_row_style=&#8221;default-style&#8221; rt_row_borders=&#8221;&#8221; rt_row_paddings=&#8221;true&#8221; rt_bg_effect=&#8221;classic&#8221; rt_bg_image_repeat=&#8221;repeat&#8221; rt_bg_size=&#8221;cover&#8221; rt_bg_position=&#8221;right top&#8221; rt_bg_attachment=&#8221;scroll&#8221; rt_bg_video_format=&#8221;self-hosted&#8221;][vc_column rt_wrp_col_paddings=&#8221;false&#8221; rt_border_top=&#8221;&#8221; rt_border_bottom=&#8221;&#8221; rt_border_left=&#8221;&#8221; rt_border_right=&#8221;&#8221; rt_border_top_mobile=&#8221;&#8221; rt_border_bottom_mobile=&#8221;&#8221; rt_border_left_mobile=&#8221;&#8221; rt_border_right_mobile=&#8221;&#8221; rt_bg_image_repeat=&#8221;repeat&#8221; rt_bg_size=&#8221;auto auto&#8221; rt_bg_position=&#8221;right top&#8221; rt_bg_attachment=&#8221;scroll&#8221;][vc_column_text]La presente cookie policy ha lo scopo specifico di illustrare i tipi, le modalit\u00e0 di utilizzo nonch\u00e9 di fornire indicazioni circa le azioni per rifiutare o eliminare i cookie [&hellip;]","og_url":"https:\/\/www.stagionidelconero.it\/en\/informativa-cookies\/","og_site_name":"Stagioni del Conero","article_modified_time":"2018-09-10T17:37:54+00:00","twitter_card":"summary_large_image","twitter_misc":{"Est. reading time":"3 minutes"},"schema":{"@context":"https:\/\/schema.org","@graph":[{"@type":"WebPage","@id":"https:\/\/www.stagionidelconero.it\/en\/informativa-cookies\/","url":"https:\/\/www.stagionidelconero.it\/en\/informativa-cookies\/","name":"Informativa cookies - Stagioni del Conero","isPartOf":{"@id":"https:\/\/www.stagionidelconero.it\/#website"},"datePublished":"2018-09-10T17:34:13+00:00","dateModified":"2018-09-10T17:37:54+00:00","breadcrumb":{"@id":"https:\/\/www.stagionidelconero.it\/en\/informativa-cookies\/#breadcrumb"},"inLanguage":"en-US","potentialAction":[{"@type":"ReadAction","target":["https:\/\/www.stagionidelconero.it\/en\/informativa-cookies\/"]}]},{"@type":"BreadcrumbList","@id":"https:\/\/www.stagionidelconero.it\/en\/informativa-cookies\/#breadcrumb","itemListElement":[{"@type":"ListItem","position":1,"name":"Home","item":"https:\/\/www.stagionidelconero.it\/en\/"},{"@type":"ListItem","position":2,"name":"Informativa cookies"}]},{"@type":"WebSite","@id":"https:\/\/www.stagionidelconero.it\/#website","url":"https:\/\/www.stagionidelconero.it\/","name":"Stagioni del Conero","description":"Appartamenti affitto Numana","potentialAction":[{"@type":"SearchAction","target":{"@type":"EntryPoint","urlTemplate":"https:\/\/www.stagionidelconero.it\/?s={search_term_string}"},"query-input":{"@type":"PropertyValueSpecification","valueRequired":true,"valueName":"search_term_string"}}],"inLanguage":"en-US"}]}},"_links":{"self":[{"href":"https:\/\/www.stagionidelconero.it\/en\/wp-json\/wp\/v2\/pages\/3419","targetHints":{"allow":["GET"]}}],"collection":[{"href":"https:\/\/www.stagionidelconero.it\/en\/wp-json\/wp\/v2\/pages"}],"about":[{"href":"https:\/\/www.stagionidelconero.it\/en\/wp-json\/wp\/v2\/types\/page"}],"author":[{"embeddable":true,"href":"https:\/\/www.stagionidelconero.it\/en\/wp-json\/wp\/v2\/users\/2"}],"replies":[{"embeddable":true,"href":"https:\/\/www.stagionidelconero.it\/en\/wp-json\/wp\/v2\/comments?post=3419"}],"version-history":[{"count":1,"href":"https:\/\/www.stagionidelconero.it\/en\/wp-json\/wp\/v2\/pages\/3419\/revisions"}],"predecessor-version":[{"id":3420,"href":"https:\/\/www.stagionidelconero.it\/en\/wp-json\/wp\/v2\/pages\/3419\/revisions\/3420"}],"wp:attachment":[{"href":"https:\/\/www.stagionidelconero.it\/en\/wp-json\/wp\/v2\/media?parent=3419"}],"curies":[{"name":"wp","href":"https:\/\/api.w.org\/{rel}","templated":true}]}}